{"id":7029,"date":"2019-04-02T15:25:46","date_gmt":"2019-04-02T15:25:46","guid":{"rendered":"https:\/\/corpsite.staging.3d4medical.cloud\/?page_id=7029"},"modified":"2024-10-17T04:18:27","modified_gmt":"2024-10-17T04:18:27","slug":"use-of-imagery-videos","status":"publish","type":"page","link":"https:\/\/corpsite.nonprod.completeanatomy.cn\/es\/use-of-imagery-videos","title":{"rendered":"Uso de im\u00e1genes y v\u00eddeos"},"content":{"rendered":"\n<section class=\"permission-section\" id=\"permission\">\n    <p>Complete Anatomy es la plataforma m\u00e1s avanzada del mundo para crear y compartir contenido de aprendizaje m\u00e9dico.\n    <\/p>\n    <p> <\/p>\n\n\n    <h2>Dentro de la Plataforma<\/h2>\n    <p><a href=\"https:\/\/completeanatomy.cn\/es\/institutional\" rel=\"noopener noreferrer\">Los titulares de la licencia institucional<\/a> pueden crear su propio contenido curricular dentro de la plataforma y compartirlo en la aplicaci\u00f3n con cualquier estudiante que tenga una licencia de estudiante en todos sus dispositivos.<\/p>\n    <p> <\/p>\n\n    <h2>Fuera de la Plataforma<\/h2>\n    <p>Cualquier cliente de Complete Anatomy puede compartir hasta <em>5 im\u00e1genes y 10 segundos de v\u00eddeo<\/em> de\n        Complete Anatomy, una sola vez por entidad, sin coste alguno, siempre que:<\/p>\n    <ul>\n        <li>\n            <div><svg xmlns=\"http:\/\/www.w3.org\/2000\/svg\" width=\"24\" height=\"24\" viewbox=\"0 0 24 24\">\n                    <path fill=\"none\" d=\"M0 0h24v24H0V0z\"><\/path>\n                    <path d=\"M12 2C6.48 2 2 6.48 2 12s4.48 10 10 10 10-4.48 10-10S17.52 2 12 2zM9.29 16.29L5.7 12.7c-.39-.39-.39-1.02 0-1.41.39-.39 1.02-.39 1.41 0L10 14.17l6.88-6.88c.39-.39 1.02-.39 1.41 0 .39.39.39 1.02 0 1.41l-7.59 7.59c-.38.39-1.02.39-1.41 0z\">\n                    <\/path>\n                <\/svg><\/div>\n            <div>Los materiales <em>no se venden<\/em> de ninguna manera<\/div>\n        <\/li>\n        <li>\n            <div><svg xmlns=\"http:\/\/www.w3.org\/2000\/svg\" width=\"24\" height=\"24\" viewbox=\"0 0 24 24\">\n                    <path fill=\"none\" d=\"M0 0h24v24H0V0z\"><\/path>\n                    <path d=\"M12 2C6.48 2 2 6.48 2 12s4.48 10 10 10 10-4.48 10-10S17.52 2 12 2zM9.29 16.29L5.7 12.7c-.39-.39-.39-1.02 0-1.41.39-.39 1.02-.39 1.41 0L10 14.17l6.88-6.88c.39-.39 1.02-.39 1.41 0 .39.39.39 1.02 0 1.41l-7.59 7.59c-.38.39-1.02.39-1.41 0z\">\n                    <\/path>\n                <\/svg><\/div>\n            <div>El contenido <em>incluye &#8220;Imagen cortes\u00eda de Complete Anatomy&#8221;<\/em> que aparece con la imagen o el\n                v\u00eddeo, y si est\u00e1 en las redes sociales, el contenido incluye &#8220;Gracias a @3D4Medical&#8221; en la descripci\u00f3n\n            <\/div>\n        <\/li>\n        <li>\n            <div><svg xmlns=\"http:\/\/www.w3.org\/2000\/svg\" width=\"24\" height=\"24\" viewbox=\"0 0 24 24\">\n                    <path fill=\"none\" d=\"M0 0h24v24H0V0z\"><\/path>\n                    <path d=\"M12 2C6.48 2 2 6.48 2 12s4.48 10 10 10 10-4.48 10-10S17.52 2 12 2zM9.29 16.29L5.7 12.7c-.39-.39-.39-1.02 0-1.41.39-.39 1.02-.39 1.41 0L10 14.17l6.88-6.88c.39-.39 1.02-.39 1.41 0 .39.39.39 1.02 0 1.41l-7.59 7.59c-.38.39-1.02.39-1.41 0z\">\n                    <\/path>\n                <\/svg><\/div>\n            <div>Los materiales <em>no soportan ingresos por publicidad<\/em><\/div>\n        <\/li>\n    <\/ul>\n<\/section>\n<!-- end of permission section -->\n<section>\n    <h2>Todas las dem\u00e1s solicitudes<\/h2>\n    <h3>Uso de im\u00e1genes y videos en conferencias y charlas educativas<\/h3>\n    <ul>\n        <li>\n            <div><svg xmlns=\"http:\/\/www.w3.org\/2000\/svg\" width=\"24\" height=\"24\" viewbox=\"0 0 24 24\">\n                    <path fill=\"none\" d=\"M0 0h24v24H0V0z\"><\/path>\n                    <path d=\"M12 2C6.48 2 2 6.48 2 12s4.48 10 10 10 10-4.48 10-10S17.52 2 12 2zM9.29 16.29L5.7 12.7c-.39-.39-.39-1.02 0-1.41.39-.39 1.02-.39 1.41 0L10 14.17l6.88-6.88c.39-.39 1.02-.39 1.41 0 .39.39.39 1.02 0 1.41l-7.59 7.59c-.38.39-1.02.39-1.41 0z\">\n                    <\/path>\n                <\/svg><\/div>\n            <div><a href=\"https:\/\/completeanatomy.cn\/institutional\">Institutional License<\/a> abonados son libres para usar im\u00e1genes y v\u00eddeos en presentaciones dentro de un entorno institucional.<\/div>\n        <\/li>\n        <li>\n            <div><svg xmlns=\"http:\/\/www.w3.org\/2000\/svg\" width=\"24\" height=\"24\" viewbox=\"0 0 24 24\">\n                    <path fill=\"none\" d=\"M0 0h24v24H0V0z\"><\/path>\n                    <path d=\"M12 2C6.48 2 2 6.48 2 12s4.48 10 10 10 10-4.48 10-10S17.52 2 12 2zM9.29 16.29L5.7 12.7c-.39-.39-.39-1.02 0-1.41.39-.39 1.02-.39 1.41 0L10 14.17l6.88-6.88c.39-.39 1.02-.39 1.41 0 .39.39.39 1.02 0 1.41l-7.59 7.59c-.38.39-1.02.39-1.41 0z\">\n                    <\/path>\n                <\/svg><\/div>\n            <div>El uso en conferencias, presentaciones o charlas dentro de un entorno comercial (por ejemplo, promovendo educaci\u00f3n\n            privada) requiere permiso. Por favor env\u00ede una solicitud <a href=\"https:\/\/www.elsevier.com\/solutions\/complete-anatomy\/request-permissions\">here<\/a>.<\/div>\n        <\/li>\n    <\/ul>\n    <h3>Uso de im\u00e1genes y videos en publicaciones educativas, m\u00e9dicas, cient\u00edficas o de educaci\u00f3n del paciente en un entorno de pr\u00e1cticas.<\/h3>\n    <ul>\n        <li>\n            <div><svg xmlns=\"http:\/\/www.w3.org\/2000\/svg\" width=\"24\" height=\"24\" viewbox=\"0 0 24 24\">\n                    <path fill=\"none\" d=\"M0 0h24v24H0V0z\"><\/path>\n                    <path d=\"M12 2C6.48 2 2 6.48 2 12s4.48 10 10 10 10-4.48 10-10S17.52 2 12 2zM9.29 16.29L5.7 12.7c-.39-.39-.39-1.02 0-1.41.39-.39 1.02-.39 1.41 0L10 14.17l6.88-6.88c.39-.39 1.02-.39 1.41 0 .39.39.39 1.02 0 1.41l-7.59 7.59c-.38.39-1.02.39-1.41 0z\">\n                    <\/path>\n                <\/svg><\/div>\n            <div><a href=\"https:\/\/completeanatomy.cn\/student\">Los titulares de la licencia de estudiante<\/a> pueden utilizar hasta 5 im\u00e1genes y 10 segundos de v\u00eddeo por publicaci\u00f3n, al a\u00f1o.<\/div>\n        <\/li>\n        <li>\n            <div><svg xmlns=\"http:\/\/www.w3.org\/2000\/svg\" width=\"24\" height=\"24\" viewbox=\"0 0 24 24\">\n                    <path fill=\"none\" d=\"M0 0h24v24H0V0z\"><\/path>\n                    <path d=\"M12 2C6.48 2 2 6.48 2 12s4.48 10 10 10 10-4.48 10-10S17.52 2 12 2zM9.29 16.29L5.7 12.7c-.39-.39-.39-1.02 0-1.41.39-.39 1.02-.39 1.41 0L10 14.17l6.88-6.88c.39-.39 1.02-.39 1.41 0 .39.39.39 1.02 0 1.41l-7.59 7.59c-.38.39-1.02.39-1.41 0z\">\n                    <\/path>\n                <\/svg><\/div>\n            <div><a href=\"https:\/\/completeanatomy.cn\/professional\">Los titulares de la licencia profesional<\/a> pueden utilizar hasta 20 im\u00e1genes o 20 v\u00eddeos por publicaci\u00f3n, al a\u00f1o. <\/div>\n        <\/li>\n    <\/ul>\n    <p>Tenga en cuenta que cualquier uso m\u00e1s all\u00e1 de los l\u00edmites mencionados requiere un permiso de pago. Env\u00ede su solicitud \n        <a href=\"https:\/\/www.elsevier.com\/solutions\/complete-anatomy\/request-permissions\">aqu\u00ed<\/a>. Aseg\u00farese de incluir una\n    descripci\u00f3n detallada sobre c\u00f3mo y d\u00f3nde le gustar\u00eda utilizar nuestras im\u00e1genes y v\u00eddeos. Si no se incluye la\n    informaci\u00f3n requerida, puede que se retrase su solicitud.<\/p>\n    <h3>Utilizaci\u00f3n de im\u00e1genes y v\u00eddeos en productos y publicaciones comerciales, incluidas las plataformas impulsadas por publicidad; YouTube, TikTok, BiliBili y similares)<\/h3>\n    <ul>\n        <li>\n            <div><svg xmlns=\"http:\/\/www.w3.org\/2000\/svg\" width=\"24\" height=\"24\" viewbox=\"0 0 24 24\">\n                    <path fill=\"none\" d=\"M0 0h24v24H0V0z\"><\/path>\n                    <path d=\"M12 2C6.48 2 2 6.48 2 12s4.48 10 10 10 10-4.48 10-10S17.52 2 12 2zM9.29 16.29L5.7 12.7c-.39-.39-.39-1.02 0-1.41.39-.39 1.02-.39 1.41 0L10 14.17l6.88-6.88c.39-.39 1.02-.39 1.41 0 .39.39.39 1.02 0 1.41l-7.59 7.59c-.38.39-1.02.39-1.41 0z\">\n                    <\/path>\n                <\/svg><\/div>\n            <div>Se permite el uso de im\u00e1genes y v\u00eddeos para los fines mencionados, previo pago. El precio es de 300 d\u00f3lares por imagen y\n            de 1.000 d\u00f3lares por v\u00eddeo. Env\u00ede su solicitud <a href=\"https:\/\/www.elsevier.com\/solutions\/complete-anatomy\/request-permissions\">aqu\u00ed<\/a>. Aseg\u00farese de incluir una\n            descripci\u00f3n detallada sobre c\u00f3mo y d\u00f3nde le gustar\u00eda utilizar nuestras im\u00e1genes y v\u00eddeos. Si no se incluye la\n            informaci\u00f3n requerida, se puede retrasar su solicitud.<\/div>\n        <\/li>\n    <\/ul>\n    <h3>Uso de im\u00e1genes y v\u00eddeos en publicaciones que describen, rese\u00f1an o recomiendan los productos de 3D4Medical.<\/h3>\n    <ul>\n        <li>\n            <div><svg xmlns=\"http:\/\/www.w3.org\/2000\/svg\" width=\"24\" height=\"24\" viewbox=\"0 0 24 24\">\n                    <path fill=\"none\" d=\"M0 0h24v24H0V0z\"><\/path>\n                    <path d=\"M12 2C6.48 2 2 6.48 2 12s4.48 10 10 10 10-4.48 10-10S17.52 2 12 2zM9.29 16.29L5.7 12.7c-.39-.39-.39-1.02 0-1.41.39-.39 1.02-.39 1.41 0L10 14.17l6.88-6.88c.39-.39 1.02-.39 1.41 0 .39.39.39 1.02 0 1.41l-7.59 7.59c-.38.39-1.02.39-1.41 0z\">\n                    <\/path>\n                <\/svg><\/div>\n            <div>La utilizaci\u00f3n de im\u00e1genes y v\u00eddeos para los fines mencionados requiere la autorizaci\u00f3n de nuestro Departamento de\n            Comunicaci\u00f3n. Env\u00ede su solicitud <a href=\"https:\/\/service.elsevier.com\/app\/contact\/supporthub\/complete-anatomy\/\">aqu\u00ed<\/a>.<\/div>\n        <\/li>\n    <\/ul>\n<\/section>\n<!-- accordion section -->\n<section class=\"faqs\">\n    <h2>Preguntas frecuentes<\/h2>\n    <div class=\"accordion\">\n        <div class=\"acc-selector\">\n            <h3 class=\"selector\">\n                <div>\u00bfPuedo exportar im\u00e1genes y contenidos, e imprimirlos para ser compartidos?<\/div>\n            <\/h3>\n            <div class=\"acc-content\">El permiso para utilizar los materiales de Complete Anatomy en las clases y en los materiales del curso s\u00f3lo se concede si:<br\/><br\/>\n                &#8211; La instituci\u00f3n es actualmente titular de una <a href=\"https:\/\/completeanatomy.cn\/institutional\">licencia de sitio de Complete Anatomy<\/a>.<br\/>\n                &#8211; Los materiales se distribuyen exclusivamente a los estudiantes dentro de la instituci\u00f3n que posee la licencia de sitio.<br\/><br\/>\n                Las instituciones tambi\u00e9n pueden utilizar la funcionalidad &#8216;enlace profundo&#8217; de Complete Anatomy para compartir enlaces\n                que dirijan a los usuarios a contenidos espec\u00edficos dentro de la app. <a href=\"mailto:info@completeanatomy.cn\">Ponte en\n                    contacto<\/a> para obtener m\u00e1s informaci\u00f3n sobre los enlaces profundos.\n            <\/div>\n        <\/div>\n        <div class=\"acc-selector\">\n            <h3 class=\"selector\">\n                <div>\u00bfPuedo exportar vuestras im\u00e1genes y contenidos y ponerlos en Microsoft PowerPoint?<\/div>\n            <\/h3>\n            <div class=\"acc-content\">Una <a href=\"https:\/\/completeanatomy.cn\/institutional\">Licencia institucional<\/a> o <a href=\"https:\/\/completeanatomy.cn\/professional\">Licencia profesional<\/a> incluye los derechos de presentaci\u00f3n en vivo del\n            contenido de Complete Anatomy. Esto significa que puedes copiar y pegar im\u00e1genes en una presentaci\u00f3n, pero no se permite\n            la distribuci\u00f3n posterior de ninguno de estos materiales a trav\u00e9s de un LMS o por cualquier otro medio electr\u00f3nico a los\n            estudiantes.<\/div>\n        <\/div>\n        <div class=\"acc-selector last-faq\">\n            <h3 class=\"selector\">\n                <div>\u00bfPuedo exportar vuestras im\u00e1genes y contenidos y cargarlos en mi LMS?<\/div>\n            <\/h3>\n            <div class=\"acc-content\">El permiso para publicar los materiales de Comlete Anatomy en un LMS s\u00f3lo se concede si:\n                <br\/><br\/>\n                &#8211; La instituci\u00f3n es actualmente titular de una licencia de sitio de Complete Anatomy.<br\/>\n                &#8211; Los materiales se distribuyen exclusivamente a los estudiantes dentro de la instituci\u00f3n que posee la licencia de sitio.<br\/><br\/>\n                Las instituciones tambi\u00e9n pueden utilizar la funcionalidad &#8220;enlace profundo&#8221; de Complete Anatomy para compartir enlaces que \n                dirijan a los usuarios a contenidos espec\u00edficos dentro de la aplicaci\u00f3n.\n                 <a href=\"mailto:info@completeanatomy.cn\">Ponte en contacto<\/a> para obtener m\u00e1s informaci\u00f3n sobre los enlaces profundos. \n            <\/div>\n        <\/div>\n    <\/div> \n    <!-- end of accordion -->\n<\/section>\n<!-- end of faqs section -->\n","protected":false},"excerpt":{"rendered":"<p>Complete Anatomy es la plataforma m\u00e1s avanzada del mundo para crear y compartir contenido de aprendizaje m\u00e9dico. Dentro de la Plataforma Los titulares de la licencia institucional pueden crear su propio contenido curricular dentro de la plataforma y compartirlo en la aplicaci\u00f3n con cualquier estudiante que tenga una licencia de estudiante en todos sus dispositivos. [&hellip;]<a class=\"more-link\" href=\"https:\/\/corpsite.nonprod.completeanatomy.cn\/es\/use-of-imagery-videos\">Leer art\u00edculo<\/a><\/p>\n","protected":false},"author":9,"featured_media":0,"parent":0,"menu_order":0,"comment_status":"closed","ping_status":"closed","template":"","meta":{"_acf_changed":false,"footnotes":""},"categories":[],"tags":[],"acf":[],"aioseo_notices":[],"_links":{"self":[{"href":"https:\/\/corpsite.nonprod.completeanatomy.cn\/es\/wp-json\/wp\/v2\/pages\/7029"}],"collection":[{"href":"https:\/\/corpsite.nonprod.completeanatomy.cn\/es\/wp-json\/wp\/v2\/pages"}],"about":[{"href":"https:\/\/corpsite.nonprod.completeanatomy.cn\/es\/wp-json\/wp\/v2\/types\/page"}],"author":[{"embeddable":true,"href":"https:\/\/corpsite.nonprod.completeanatomy.cn\/es\/wp-json\/wp\/v2\/users\/9"}],"replies":[{"embeddable":true,"href":"https:\/\/corpsite.nonprod.completeanatomy.cn\/es\/wp-json\/wp\/v2\/comments?post=7029"}],"version-history":[{"count":40,"href":"https:\/\/corpsite.nonprod.completeanatomy.cn\/es\/wp-json\/wp\/v2\/pages\/7029\/revisions"}],"predecessor-version":[{"id":23517,"href":"https:\/\/corpsite.nonprod.completeanatomy.cn\/es\/wp-json\/wp\/v2\/pages\/7029\/revisions\/23517"}],"wp:attachment":[{"href":"https:\/\/corpsite.nonprod.completeanatomy.cn\/es\/wp-json\/wp\/v2\/media?parent=7029"}],"wp:term":[{"taxonomy":"category","embeddable":true,"href":"https:\/\/corpsite.nonprod.completeanatomy.cn\/es\/wp-json\/wp\/v2\/categories?post=7029"},{"taxonomy":"post_tag","embeddable":true,"href":"https:\/\/corpsite.nonprod.completeanatomy.cn\/es\/wp-json\/wp\/v2\/tags?post=7029"}],"curies":[{"name":"wp","href":"https:\/\/api.w.org\/{rel}","templated":true}]}}