{"id":14003,"date":"2021-11-16T10:34:59","date_gmt":"2021-11-16T10:34:59","guid":{"rendered":"https:\/\/corpsite.nonprod.3d4medical.com\/?page_id=14003"},"modified":"2025-01-09T11:12:39","modified_gmt":"2025-01-09T11:12:39","slug":"third-parties","status":"publish","type":"page","link":"https:\/\/corpsite.nonprod.completeanatomy.cn\/fr\/third-parties","title":{"rendered":"Tierces parties"},"content":{"rendered":"\n<p class=\"has-text-align-center\">3D4Medical utilise des logiciels tiers \u00e0 des fins d&#8217;analyse, d&#8217;infrastructure et de paiement afin d&#8217;offrir la meilleure exp\u00e9rience utilisateur et les meilleures performances sur notre application et notre site Web.<\/p>\n\n<figure class=\"wp-block-table third-party-table\"><table class=\"has-fixed-layout\"><thead><tr><th>\n\u00a0&#13;\n<div class=\"header-icon\">&#13;\n&#13;\n&#13;\n&#13;\n&#13;\n&#13;\n&#13;\n&#13;\n&#13;\n&#13;\n&#13;\n&#13;\n<\/div>&#13;\n<div class=\"header-text\"><strong> Qui<\/strong>&#13;\nest propri\u00e9taire du SDK<\/div><\/th><th>\n<div class=\"header-icon\">&#13;\n&#13;\n&#13;\n&#13;\n&#13;\n&#13;\n<!-- wpml:html_fragment <\/path> -->&#13;\n<!-- wpml:html_fragment <\/path> -->&#13;\n<!-- wpml:html_fragment <\/path> -->&#13;\n<!-- wpml:html_fragment <\/path> -->&#13;\n<!-- wpml:html_fragment <\/path> -->&#13;\n<!-- wpml:html_fragment <\/path> -->&#13;\n<!-- wpml:html_fragment <\/path> -->&#13;\n<!-- wpml:html_fragment <\/path> -->&#13;\n&#13;\n&#13;\n&#13;\n&#13;\n&#13;\n<\/div>&#13;\n<div class=\"header-text\"><strong>O\u00f9<\/strong>&#13;\nles SDK sont utilis\u00e9s<\/div><\/th><th>\n<div class=\"header-icon\">&#13;\n&#13;\n&#13;\n&#13;\n&#13;\n&#13;\n<!-- wpml:html_fragment <\/path> -->&#13;\n<!-- wpml:html_fragment <\/path> -->&#13;\n<!-- wpml:html_fragment <\/path> -->&#13;\n<!-- wpml:html_fragment <\/path> -->&#13;\n<!-- wpml:html_fragment <\/path> -->&#13;\n<!-- wpml:html_fragment <\/path> -->&#13;\n<!-- wpml:html_fragment <\/path> -->&#13;\n<!-- wpml:html_fragment <\/path> -->&#13;\n&#13;\n&#13;\n&#13;\n&#13;\n&#13;\n<\/div>&#13;\n<div class=\"header-text\"><strong>Pourquoi<\/strong>&#13;\nnous utilisons les SDK<\/div><\/th><th>\n\u00a0&#13;\n<div class=\"header-icon\">&#13;\n&#13;\n&#13;\n&#13;\n&#13;\n&#13;\n&#13;\n&#13;\n&#13;\n&#13;\n&#13;\n&#13;\n<\/div>&#13;\n<div class=\"header-text\"><strong>Quelles<\/strong>&#13;\ninformations recueillons-nous<\/div><\/th><\/tr><\/thead><tbody><tr><td><\/td><td>\n<h3>Analytique<\/h3><\/td><td><\/td><td><\/td><\/tr><tr><td><\/td><td><span class=\"mobile-row\">Countly<\/span><\/td><td><\/td><td><\/td><\/tr><tr><td>Countly<\/td><td>Tout<\/td><td>Analytique<\/td><td>\n<ul>&#13;\n \t<li>Informations sur l&#8217;appareil (nom, syst\u00e8me d&#8217;exploitation, ID de l&#8217;appareil, r\u00e9solution de l&#8217;\u00e9cran, type d&#8217;appareil (mobile, bureau))<\/li>&#13;\n \t<li>Heure de d\u00e9but\/avant-plan\/arri\u00e8re-plan (MacOS, Android, iOS)<\/li>&#13;\n \t<li>Identifiant de l&#8217;utilisateur<\/li>&#13;\n \t<li>Crashs (Windows, iOS, Android)<\/li>&#13;\n \t<li>Suivi des notifications instantan\u00e9es (iOS, Android) (REMARQUE : sur Android, la version chinoise est compl\u00e8tement d\u00e9sactiv\u00e9e).<\/li>&#13;\n \t<li>Suivi des revenus<\/li>&#13;\n \t<li>Propri\u00e9t\u00e9s de l&#8217;utilisateur de l&#8217;application (fonctionnalit\u00e9s actives, rejoindre des groupes , etc.).<\/li>&#13;\n \t<li>Activit\u00e9s d&#8217;utilisation de l&#8217;application (Achats, etc.)<\/li>&#13;\n<\/ul><\/td><\/tr><tr><td><\/td><td><span class=\"mobile-row\">AppsFlyer<\/span><\/td><td><\/td><td><\/td><\/tr><tr><td>AppsFlyer<\/td><td>iOS, Android<\/td><td>Pour l&#8217;analyse des requ\u00eates<\/td><td>\n<ul>&#13;\n \t<li>Requ\u00eates HTTP<\/li>&#13;\n \t<li>Crashs<\/li>&#13;\n \t<li>Heure de d\u00e9but<\/li>&#13;\n \t<li>Dur\u00e9e de la session<\/li>&#13;\n \t<li>Informations sur le dispositif (nom, syst\u00e8me d&#8217;exploitation, ID du dispositif, r\u00e9solution de l&#8217;\u00e9cran, nom du r\u00e9seau)<\/li>&#13;\n<\/ul><\/td><\/tr><tr><td><\/td><td><h3>Infrastructure<\/h3><\/td><td><\/td><td><\/td><\/tr><tr><td><\/td><td><span class=\"mobile-row\">NewRelic<\/span><\/td><td><\/td><td><\/td><\/tr><tr><td>NewRelic<\/td><td>iOS, Android<\/td><td>Il permet de suivre la source d&#8217;une installation et de voir les performances de vos campagnes de publicit\u00e9\/marketing<\/td><td>\n<ul>&#13;\n \t<li>Localisation approximative. L&#8217;adresse IP est collect\u00e9e et mise en correspondance avec un emplacement g\u00e9ographique grossier.<\/li>&#13;\n \t<li>Informations techniques sur l&#8217;appareil (par exemple, syst\u00e8me d&#8217;exploitation, type d&#8217;appareil, langue, statut Wi-Fi, taille de l&#8217;\u00e9cran, etc.) ou informations sur le r\u00e9seau (par exemple, adresse IP, agent utilisateur HTTP).<\/li>&#13;\n \t<li>Activit\u00e9s de l&#8217;enregistrement et d&#8217;achat<\/li>&#13;\n<\/ul><\/td><\/tr><tr><td><\/td><td><span class=\"mobile-row\">AWS<\/span><\/td><td><\/td><td><\/td><\/tr><tr><td>AWS<\/td><td>Tout<\/td><td>H\u00e9berge l&#8217;infrastructure de l&#8217;ensemble de Complete Anatomy.<\/td><td>\n<ul>&#13;\n \t<li>Nous stockons toutes nos donn\u00e9es ici. Elles sont crypt\u00e9es en transit et au repos&#13;\n<ul>&#13;\n \t<li>donn\u00e9es de l&#8217;utilisateur :&#13;\n<ul>&#13;\n \t<li>email<\/li>&#13;\n \t<li>nom<\/li>&#13;\n \t<li>niveau d&#8217; \u00e9tudes<\/li>&#13;\n \t<li>ann\u00e9e d&#8217;\u00e9tude<\/li>&#13;\n \t<li>sp\u00e9cialit\u00e9 d&#8217; \u00e9tudes<\/li>&#13;\n \t<li>date d&#8217;inscription<\/li>&#13;\n \t<li>g\u00e9olocalisation (pays, ville, latitude, longitude)<\/li>&#13;\n \t<li>lieu pr\u00e9f\u00e9r\u00e9<\/li>&#13;\n \t<li>avatar<\/li>&#13;\n \t<li>liste des transactions (date et heure, identifiant de la transaction, montant)<\/li>&#13;\n \t<li>organisme de l&#8217;utilisateur (pour certains clients)<\/li>&#13;\n \t<li>adresse et biographie de l&#8217;utilisateur (pour les auteurs de contenu)<\/li>&#13;\n \t<li>informations sur l&#8217;appareil (identifiant, version du syst\u00e8me d&#8217;exploitation)<\/li>&#13;\n<\/ul>&#13;\n<\/li>&#13;\n \t<li>analyses<\/li>&#13;\n \t<li>contenu g\u00e9n\u00e9r\u00e9 par l&#8217;utilisateur&#13;\n<ul>&#13;\n \t<li>progression du contenu (cours, quiz, etc.)<\/li>&#13;\n<\/ul>&#13;\n<\/li>&#13;\n<\/ul>&#13;\n<\/li>&#13;\n<\/ul><\/td><\/tr><tr><td><\/td><td><h3>Paiements<\/h3><\/td><td><\/td><td><\/td><\/tr><tr><td><\/td><td><span class=\"mobile-row\">Stripe<\/span><\/td><td><\/td><td><\/td><\/tr><tr><td>Stripe<\/td><td>Boutique en ligne<\/td><td>Collecte des paiements<\/td><td>\n<ul>&#13;\n \t<li>nous collectons des donn\u00e9es, mais ne les stockons pas&#13;\n<ul>&#13;\n \t<li>adresse<\/li>&#13;\n \t<li>les d\u00e9tails de la carte<\/li>&#13;\n \t<li>la devise<\/li>&#13;\n<\/ul>&#13;\n<\/li>&#13;\n \t<li>transmettre les donn\u00e9es ci-dessus \u00e0 Stripe<\/li>&#13;\n \t<li>stocker dans la BD :&#13;\n<ul>&#13;\n \t<li>d\u00e9tails de la transaction<\/li>&#13;\n<\/ul>&#13;\n<\/li>&#13;\n<\/ul><\/td><\/tr><tr><td><\/td><td><span class=\"mobile-row\">PayPal<\/span><\/td><td><\/td><td><\/td><\/tr><tr><td>PayPal<\/td><td>Boutique en ligne<\/td><td>Collecte des paiements<\/td><td>\n<ul>&#13;\n \t<li>stocker dans la BD :&#13;\n<ul>&#13;\n \t<li>d\u00e9tails de la transaction<\/li>&#13;\n<\/ul>&#13;\n<\/li>&#13;\n<\/ul><\/td><\/tr><tr><td><\/td><td><span class=\"mobile-row\">AliPay<\/span><\/td><td><\/td><td><\/td><\/tr><tr><td>AliPay<\/td><td>Boutique en ligne<\/td><td>Collecte des paiements<\/td><td>\n<ul>&#13;\n \t<li>stocker dans la BD :&#13;\n<ul>&#13;\n \t<li>d\u00e9tails de la transaction<\/li>&#13;\n<\/ul>&#13;\n<\/li>&#13;\n<\/ul><\/td><\/tr><tr><td><\/td><td><span class=\"mobile-row\">Apple App Store<\/span><\/td><td><\/td><td><\/td><\/tr><tr><td>Apple App Store<\/td><td>iOS, iPadOS, macOS<\/td><td>Collecte des paiements<\/td><td>\n<ul>&#13;\n \t<li>stocker dans la BD :&#13;\n<ul>&#13;\n \t<li>re\u00e7us d&#8217;achat<\/li>&#13;\n \t<li>historique des achats<\/li>&#13;\n \t<li>re\u00e7u<\/li>&#13;\n<\/ul>&#13;\n<\/li>&#13;\n<\/ul><\/td><\/tr><tr><td><\/td><td><span class=\"mobile-row\">Microsoft Store<\/span><\/td><td><\/td><td><\/td><\/tr><tr><td>Microsoft Store<\/td><td>Windows tablet &amp; desktop<\/td><td>Collecte des paiements<\/td><td>\n<ul>&#13;\n \t<li>stocker dans la BD :&#13;\n<ul>&#13;\n \t<li>historique des achats<\/li>&#13;\n \t<li>re\u00e7u<\/li>&#13;\n<\/ul>&#13;\n<\/li>&#13;\n<\/ul><\/td><\/tr><tr><td><\/td><td><span class=\"mobile-row\">Google Play<\/span><\/td><td><\/td><td><\/td><\/tr><tr><td>Google Play<\/td><td>Mobile, tablette et ordinateur Android<\/td><td>Collecte des paiements<\/td><td>\n<ul>&#13;\n \t<li>stocker dans la BD :&#13;\n<ul>&#13;\n \t<li>historique des achats<\/li>&#13;\n \t<li>cl\u00e9<\/li>&#13;\n<\/ul>&#13;\n<\/li>&#13;\n<\/ul><\/td><\/tr><\/tbody><\/table><\/figure>\n<p class=\"has-text-align-center\">App Permissions<\/p>\n<figure class=\"wp-block-table app-permissions-table\">\n<table class=\"has-fixed-layout\">\n<thead class=\"header-text\">\n<tr>\n<th>Permission Description<\/th>\n<th>Scenario\/Purpose<\/th>\n<th>Platform<\/th>\n<\/tr>\n<\/thead>\n<tbody>\n<tr>\n<td>Accelerometer sensor<\/td>\n<td>To realise when device is switching between veritcal and horizontal screens<\/td>\n<td>iOS, Android<\/td>\n<\/tr>\n<tr>\n<td>Sensor List<\/td>\n<td>Go through but not store supported sensors of device<\/td>\n<td>iOS, Android<\/td>\n<\/tr>\n<\/tbody>\n<\/table>\n<\/figure>\n","protected":false},"excerpt":{"rendered":"<p>3D4Medical utilise des logiciels tiers \u00e0 des fins d&#8217;analyse, d&#8217;infrastructure et de paiement afin d&#8217;offrir la meilleure exp\u00e9rience utilisateur et les meilleures performances sur notre application et notre site Web. \u00a0&#13; &#13; &#13; &#13; &#13; &#13; &#13; &#13; &#13; &#13; &#13; &#13; &#13; &#13; Qui&#13; est propri\u00e9taire du SDK &#13; &#13; &#13; &#13; &#13; &#13; [&hellip;]<a class=\"more-link\" href=\"https:\/\/corpsite.nonprod.completeanatomy.cn\/fr\/third-parties\">Lire l&#8217;article<\/a><\/p>\n","protected":false},"author":30,"featured_media":0,"parent":0,"menu_order":0,"comment_status":"closed","ping_status":"closed","template":"","meta":{"_acf_changed":false,"footnotes":""},"categories":[465],"tags":[],"acf":[],"aioseo_notices":[],"_links":{"self":[{"href":"https:\/\/corpsite.nonprod.completeanatomy.cn\/fr\/wp-json\/wp\/v2\/pages\/14003"}],"collection":[{"href":"https:\/\/corpsite.nonprod.completeanatomy.cn\/fr\/wp-json\/wp\/v2\/pages"}],"about":[{"href":"https:\/\/corpsite.nonprod.completeanatomy.cn\/fr\/wp-json\/wp\/v2\/types\/page"}],"author":[{"embeddable":true,"href":"https:\/\/corpsite.nonprod.completeanatomy.cn\/fr\/wp-json\/wp\/v2\/users\/30"}],"replies":[{"embeddable":true,"href":"https:\/\/corpsite.nonprod.completeanatomy.cn\/fr\/wp-json\/wp\/v2\/comments?post=14003"}],"version-history":[{"count":12,"href":"https:\/\/corpsite.nonprod.completeanatomy.cn\/fr\/wp-json\/wp\/v2\/pages\/14003\/revisions"}],"predecessor-version":[{"id":23792,"href":"https:\/\/corpsite.nonprod.completeanatomy.cn\/fr\/wp-json\/wp\/v2\/pages\/14003\/revisions\/23792"}],"wp:attachment":[{"href":"https:\/\/corpsite.nonprod.completeanatomy.cn\/fr\/wp-json\/wp\/v2\/media?parent=14003"}],"wp:term":[{"taxonomy":"category","embeddable":true,"href":"https:\/\/corpsite.nonprod.completeanatomy.cn\/fr\/wp-json\/wp\/v2\/categories?post=14003"},{"taxonomy":"post_tag","embeddable":true,"href":"https:\/\/corpsite.nonprod.completeanatomy.cn\/fr\/wp-json\/wp\/v2\/tags?post=14003"}],"curies":[{"name":"wp","href":"https:\/\/api.w.org\/{rel}","templated":true}]}}