{"id":15444,"date":"2019-04-02T15:25:46","date_gmt":"2019-04-02T15:25:46","guid":{"rendered":"https:\/\/corpsite.nonprod.3d4medical.com\/?page_id=15444"},"modified":"2024-10-17T04:30:31","modified_gmt":"2024-10-17T04:30:31","slug":"use-of-imagery-videos","status":"publish","type":"page","link":"https:\/\/corpsite.nonprod.completeanatomy.cn\/fr\/use-of-imagery-videos","title":{"rendered":"Utilisation de l&#8217;imagerie et des vid\u00e9os"},"content":{"rendered":"\n<section class=\"permission-section\" id=\"permission\">\n    <p>Complete Anatomy est la plateforme la plus avanc\u00e9e au monde pour la cr\u00e9ation et le partage de contenu p\u00e9dagogique m\u00e9dical.<\/p>\n<p>\u00a0<\/p>\n\n\n<h2>Au sein de la plateforme<\/h2>\n<p><a href=\"https:\/\/completeanatomy.cn\/fr\/institutional\">Les d\u00e9tenteurs d&#8217;une licence institutionnelle<\/a> peuvent cr\u00e9er leur propre contenu au sein de la plateforme, et le partager \u00e0 travers l&#8217;application avec tous les \u00e9tudiants d\u00e9tenteurs d&#8217;une licence \u00e9tudiante, sur tous leurs appareils.<\/p>\n<p>\u00a0<\/p>\n\n\n<h2>En dehors de la plateforme<\/h2>\n    <p>Tout client de Complete Anatomy (<em>abonn\u00e9 payant<\/em>) est autoris\u00e9 \u00e0 partager jusqu&#8217;\u00e0 <em>5 images et 10 secondes de vid\u00e9o<\/em> de Complete Anatomy, une seule fois, par entit\u00e9, sans frais, \u00e0 condition que : <\/p>\n    <ul>\n        <li>\n            <div><svg xmlns=\"http:\/\/www.w3.org\/2000\/svg\" width=\"24\" height=\"24\" viewbox=\"0 0 24 24\"><path fill=\"none\" d=\"M0 0h24v24H0V0z\"><\/path><path d=\"M12 2C6.48 2 2 6.48 2 12s4.48 10 10 10 10-4.48 10-10S17.52 2 12 2zM9.29 16.29L5.7 12.7c-.39-.39-.39-1.02 0-1.41.39-.39 1.02-.39 1.41 0L10 14.17l6.88-6.88c.39-.39 1.02-.39 1.41 0 .39.39.39 1.02 0 1.41l-7.59 7.59c-.38.39-1.02.39-1.41 0z\"><\/path><\/svg>\n            <\/div>\n            <div>Les ressources ne sont <em>pas vendues<\/em> sous quelque forme que ce soit.<\/div>\n        <\/li>\n        <li>\n            <div><svg xmlns=\"http:\/\/www.w3.org\/2000\/svg\" width=\"24\" height=\"24\" viewbox=\"0 0 24 24\"><path fill=\"none\" d=\"M0 0h24v24H0V0z\"><\/path><path d=\"M12 2C6.48 2 2 6.48 2 12s4.48 10 10 10 10-4.48 10-10S17.52 2 12 2zM9.29 16.29L5.7 12.7c-.39-.39-.39-1.02 0-1.41.39-.39 1.02-.39 1.41 0L10 14.17l6.88-6.88c.39-.39 1.02-.39 1.41 0 .39.39.39 1.02 0 1.41l-7.59 7.59c-.38.39-1.02.39-1.41 0z\"><\/path><\/svg>\n            <\/div>\n            <div>Le contenu <em>comprend la mention &#8220;Image reproduite avec l&#8217;aimable autorisation de Complete Anatomy&#8221;<\/em> affich\u00e9e avec l&#8217;image ou la vid\u00e9o, et si le contenu est diffus\u00e9 sur les r\u00e9seaux sociaux, il comprend la mention &#8220;Merci \u00e0 @3D4Medical&#8221; dans la description.<\/div>\n        <\/li>\n        <li>\n            <div><svg xmlns=\"http:\/\/www.w3.org\/2000\/svg\" width=\"24\" height=\"24\" viewbox=\"0 0 24 24\"><path fill=\"none\" d=\"M0 0h24v24H0V0z\"><\/path><path d=\"M12 2C6.48 2 2 6.48 2 12s4.48 10 10 10 10-4.48 10-10S17.52 2 12 2zM9.29 16.29L5.7 12.7c-.39-.39-.39-1.02 0-1.41.39-.39 1.02-.39 1.41 0L10 14.17l6.88-6.88c.39-.39 1.02-.39 1.41 0 .39.39.39 1.02 0 1.41l-7.59 7.59c-.38.39-1.02.39-1.41 0z\"><\/path><\/svg>\n            <\/div>\n        <div>Les ressources <em>ne supportent pas les revenus publicitaires<\/em>.<\/div>\n        <\/li>\n    <\/ul>\n<\/section>\n\n<!-- end of permission section -->\n\n<section>\n    <h2>Toutes les autres demandes<\/h2>\n    <h3>Utilisation d&#8217;images et de vid\u00e9os dans les conf\u00e9rences et les expos\u00e9s<\/h3>\n    <ul>\n        <li>\n            <div>\n                <svg xmlns=\"http:\/\/www.w3.org\/2000\/svg\" width=\"24\" height=\"24\" viewbox=\"0 0 24 24\"><path fill=\"none\" d=\"M0 0h24v24H0V0z\"><\/path><path d=\"M12 2C6.48 2 2 6.48 2 12s4.48 10 10 10 10-4.48 10-10S17.52 2 12 2zM9.29 16.29L5.7 12.7c-.39-.39-.39-1.02 0-1.41.39-.39 1.02-.39 1.41 0L10 14.17l6.88-6.88c.39-.39 1.02-.39 1.41 0 .39.39.39 1.02 0 1.41l-7.59 7.59c-.38.39-1.02.39-1.41 0z\"><\/path><\/svg>\n            <\/div>\n        <div>\n            <a href=\"https:\/\/completeanatomy.cn\/fr\/institutional\">Les d\u00e9tenteurs de la licence institutionnelle<\/a> sont libres d&#8217;utiliser les images et les vid\u00e9os \u00e0 des fins de pr\u00e9sentation dans un environnement institutionnel.\n        <\/div>\n        <\/li>\n        <li>\n            <div>\n                <svg xmlns=\"http:\/\/www.w3.org\/2000\/svg\" width=\"24\" height=\"24\" viewbox=\"0 0 24 24\"><path fill=\"none\" d=\"M0 0h24v24H0V0z\"><\/path><path d=\"M12 2C6.48 2 2 6.48 2 12s4.48 10 10 10 10-4.48 10-10S17.52 2 12 2zM9.29 16.29L5.7 12.7c-.39-.39-.39-1.02 0-1.41.39-.39 1.02-.39 1.41 0L10 14.17l6.88-6.88c.39-.39 1.02-.39 1.41 0 .39.39.39 1.02 0 1.41l-7.59 7.59c-.38.39-1.02.39-1.41 0z\"><\/path><\/svg>\n            <\/div>\n        <div>\n            L&#8217;utilisation dans le cadre de conf\u00e9rences, de pr\u00e9sentations ou d&#8217;expos\u00e9s dans un cadre commercial (par exemple, enseignement \u00e0 but lucratif) n\u00e9cessite une autorisation. Veuillez soumettre votre demande <a href=\"https:\/\/www.elsevier.com\/solutions\/complete-anatomy\/request-permissions\">ici<\/a>.  \n        <\/div>\n        <\/li>\n    <\/ul>\n    <h3>Utilisation d&#8217;images et de vid\u00e9os dans des publications \u00e9ducatives, m\u00e9dicales, scientifiques ou pour l&#8217;information des patients dans le cadre d&#8217;un cabinet m\u00e9dical.<\/h3>\n    <ul>\n        <li>\n            <div>\n                <svg xmlns=\"http:\/\/www.w3.org\/2000\/svg\" width=\"24\" height=\"24\" viewbox=\"0 0 24 24\"><path fill=\"none\" d=\"M0 0h24v24H0V0z\"><\/path><path d=\"M12 2C6.48 2 2 6.48 2 12s4.48 10 10 10 10-4.48 10-10S17.52 2 12 2zM9.29 16.29L5.7 12.7c-.39-.39-.39-1.02 0-1.41.39-.39 1.02-.39 1.41 0L10 14.17l6.88-6.88c.39-.39 1.02-.39 1.41 0 .39.39.39 1.02 0 1.41l-7.59 7.59c-.38.39-1.02.39-1.41 0z\"><\/path><\/svg>\n            <\/div>\n        <div>\n            <a href=\"https:\/\/completeanatomy.cn\/fr\/student\">Les d\u00e9tenteurs de la licence \u00e9tudiante<\/a> sont autoris\u00e9s \u00e0 utiliser jusqu&#8217;\u00e0 5 images et 10 secondes de vid\u00e9o par publication, par an.\n        <\/div>\n        <\/li>\n        <li>\n            <div>\n                <svg xmlns=\"http:\/\/www.w3.org\/2000\/svg\" width=\"24\" height=\"24\" viewbox=\"0 0 24 24\"><path fill=\"none\" d=\"M0 0h24v24H0V0z\"><\/path><path d=\"M12 2C6.48 2 2 6.48 2 12s4.48 10 10 10 10-4.48 10-10S17.52 2 12 2zM9.29 16.29L5.7 12.7c-.39-.39-.39-1.02 0-1.41.39-.39 1.02-.39 1.41 0L10 14.17l6.88-6.88c.39-.39 1.02-.39 1.41 0 .39.39.39 1.02 0 1.41l-7.59 7.59c-.38.39-1.02.39-1.41 0z\"><\/path><\/svg>\n            <\/div>\n        <div>\n            <a href=\"https:\/\/completeanatomy.cn\/fr\/professional\">Les titulaires d&#8217;une licence professionnelle<\/a> sont autoris\u00e9s \u00e0 utiliser jusqu&#8217;\u00e0 20 images ou 20 vid\u00e9os par publication, par an.\n        <\/div>\n        <\/li>\n    <\/ul>\n    <p>\n        Veuillez noter que toute utilisation au-del\u00e0 des limites ci-dessus n\u00e9cessite une autorisation payante. Veuillez soumettre votre demande <a href=\"https:\/\/www.elsevier.com\/solutions\/complete-anatomy\/request-permissions\">ici<\/a>. Veillez \u00e0 inclure une description d\u00e9taill\u00e9e concernant la mani\u00e8re et l&#8217;endroit o\u00f9 vous souhaitez utiliser nos images et nos vid\u00e9os. Si les informations requises ne sont pas incluses, cela peut entra\u00eener un retard dans le traitement de votre demande.\n    <\/p>\n    <h3>Utilisation d&#8217;images et de vid\u00e9os dans des produits commerciaux et des publications, y compris sur des plateformes publicitaires (YouTube, TikTok, BiliBili et autres).<\/h3>\n    <ul>\n        <li>\n            <div>\n                <svg xmlns=\"http:\/\/www.w3.org\/2000\/svg\" width=\"24\" height=\"24\" viewbox=\"0 0 24 24\"><path fill=\"none\" d=\"M0 0h24v24H0V0z\"><\/path><path d=\"M12 2C6.48 2 2 6.48 2 12s4.48 10 10 10 10-4.48 10-10S17.52 2 12 2zM9.29 16.29L5.7 12.7c-.39-.39-.39-1.02 0-1.41.39-.39 1.02-.39 1.41 0L10 14.17l6.88-6.88c.39-.39 1.02-.39 1.41 0 .39.39.39 1.02 0 1.41l-7.59 7.59c-.38.39-1.02.39-1.41 0z\"><\/path><\/svg>\n            <\/div>\n        <div>\n            L&#8217;utilisation d&#8217;images et de vid\u00e9os est autoris\u00e9e aux fins susmentionn\u00e9es moyennant des frais. La tarification commence \u00e0 300 $ US par image et \u00e0 1000 $ US par vid\u00e9o. Veuillez soumettre votre demande <a href=\"https:\/\/www.elsevier.com\/solutions\/complete-anatomy\/request-permissions\">ici<\/a>. Veillez \u00e0 inclure une description d\u00e9taill\u00e9e concernant la mani\u00e8re et le lieu pour lesquels vous souhaitez utiliser nos images et nos vid\u00e9os. Si les informations requises ne sont pas incluses, cela peut entra\u00eener un retard dans votre demande.\n        <\/div>\n        <\/li>\n    <\/ul>\n    <h3>Utilisation d&#8217;images et de vid\u00e9os dans des publications d\u00e9crivant, examinant ou recommandant les produits 3D4Medical.<\/h3>\n    <ul>\n        <li>\n            <div>\n                <svg xmlns=\"http:\/\/www.w3.org\/2000\/svg\" width=\"24\" height=\"24\" viewbox=\"0 0 24 24\"><path fill=\"none\" d=\"M0 0h24v24H0V0z\"><\/path><path d=\"M12 2C6.48 2 2 6.48 2 12s4.48 10 10 10 10-4.48 10-10S17.52 2 12 2zM9.29 16.29L5.7 12.7c-.39-.39-.39-1.02 0-1.41.39-.39 1.02-.39 1.41 0L10 14.17l6.88-6.88c.39-.39 1.02-.39 1.41 0 .39.39.39 1.02 0 1.41l-7.59 7.59c-.38.39-1.02.39-1.41 0z\"><\/path><\/svg>\n            <\/div>\n        <div>\n            L&#8217;utilisation d&#8217;images et de vid\u00e9os aux fins susmentionn\u00e9es n\u00e9cessite l&#8217;autorisation de notre service de communication. Veuillez soumettre votre demande <a href=\"https:\/\/fr.service.elsevier.com\/app\/contact\/supporthub\/complete-anatomy\/\">ici<\/a>.\n        <\/div>\n        <\/li>\n    <\/ul>\n<\/section>\n\n<section class=\"faqs\">\n<h2>FAQs<\/h2>\n     <div class=\"accordion\">\n        <div class=\"acc-selector\">\n            <h3 class=\"selector\"><div>Puis-je exporter vos images et votre contenu, et les imprimer pour les partager ?<\/div> <\/h3>\n            <div class=\"acc-content\">L&#8217;autorisation d&#8217;utiliser le mat\u00e9riel de Complete Anatomy dans les cours magistraux et les documents de cours est accord\u00e9e uniquement si :\n<br\/>\n                <br\/>\n                &#8211; L&#8217;\u00e9tablissement d\u00e9tient actuellement une <a href=\"https:\/\/completeanatomy.cn\/fr\/institutional\">Licence institutionnelle<\/a>.<br\/>\n                &#8211; Les documents sont diffus\u00e9s exclusivement aux \u00e9tudiants de l&#8217;\u00e9tablissement qui d\u00e9tient une <a href=\"https:\/\/completeanatomy.cn\/fr\/institutional\">Licence institutionnelle<\/a> active. <br\/>\n                <br\/>\n                Les \u00e9tablissements peuvent \u00e9galement utiliser la fonctionnalit\u00e9 <a href=\"https:\/\/fr.service.elsevier.com\/app\/answers\/detail\/a_id\/35916\/supporthub\/complete-anatomy\/kw\/deep+link\/\">Deep Link<\/a> de Complete Anatomy pour partager des liens qui dirigent les utilisateurs vers un contenu sp\u00e9cifique de l&#8217;application. \n            <\/div>\n        <\/div>\n        <div class=\"acc-selector\">\n            <h3 class=\"selector\"><div>Puis-je exporter vos images et votre contenu et les mettre dans Microsoft PowerPoint ?<\/div><\/h3>\n            <div class=\"acc-content\">Une <a href=\"https:\/\/completeanatomy.cn\/fr\/institutional\">Licence institutionnelle<\/a> ou <a href=\"https:\/\/completeanatomy.cn\/fr\/professional\">Licence professionnelle<\/a> comprend des droits de pr\u00e9sentation en direct pour le contenu CA. Cela signifie que vous pouvez copier et coller des images dans une pr\u00e9sentation, mais n&#8217;autorise pas la distribution ult\u00e9rieure de l&#8217;un de ces documents par le biais d&#8217;un LMS ou par tout autre moyen \u00e9lectronique aux \u00e9tudiants.<\/div>\n        <\/div>\n        <div class=\"acc-selector last-faq\">      \n            <h3 class=\"selector\"><div>Puis-je exporter vos images et votre contenu et les t\u00e9l\u00e9charger sur mon LMS ?<\/div><\/h3>\n            <div class=\"acc-content\">L&#8217;autorisation d&#8217;afficher le mat\u00e9riel de Complete Anatomy sur un LMS est accord\u00e9e uniquement si :<br\/>\n                <br\/>\n                &#8211; L&#8217;institution o\u00f9 les ressources sont mises \u00e0 disposition d\u00e9tient actuellement une <a href=\"https:\/\/completeanatomy.cn\/fr\/institutional\">Licence institutionnelle<\/a> active.  <br\/>\n                &#8211; Les ressources sont diffus\u00e9es exclusivement aux \u00e9tudiants de l&#8217;\u00e9tablissement qui d\u00e9tient une <a href=\"https:\/\/completeanatomy.cn\/fr\/institutional\">Licence institutionnelle<\/a> active.<br\/>\n                <br\/>\n                Les \u00e9tablissements peuvent \u00e9galement utiliser la fonctionnalit\u00e9 <a href=\"https:\/\/fr.service.elsevier.com\/app\/answers\/detail\/a_id\/35916\/supporthub\/complete-anatomy\/kw\/deep+link\/\">Deep Link<\/a> de Complete Anatomy pour partager des liens avec des utilisateurs directs vers un contenu sp\u00e9cifique de l&#8217;application. \n            <\/div>\n        <\/div>\n     <\/div> <!-- end of accordion -->\n<\/section> <!-- end of faqs section -->\n","protected":false},"excerpt":{"rendered":"<p>Complete Anatomy est la plateforme la plus avanc\u00e9e au monde pour la cr\u00e9ation et le partage de contenu p\u00e9dagogique m\u00e9dical. \u00a0 Au sein de la plateforme Les d\u00e9tenteurs d&#8217;une licence institutionnelle peuvent cr\u00e9er leur propre contenu au sein de la plateforme, et le partager \u00e0 travers l&#8217;application avec tous les \u00e9tudiants d\u00e9tenteurs d&#8217;une licence \u00e9tudiante, [&hellip;]<a class=\"more-link\" href=\"https:\/\/corpsite.nonprod.completeanatomy.cn\/fr\/use-of-imagery-videos\">Lire l&#8217;article<\/a><\/p>\n","protected":false},"author":9,"featured_media":0,"parent":0,"menu_order":0,"comment_status":"closed","ping_status":"closed","template":"","meta":{"_acf_changed":false,"footnotes":""},"categories":[],"tags":[],"acf":[],"aioseo_notices":[],"_links":{"self":[{"href":"https:\/\/corpsite.nonprod.completeanatomy.cn\/fr\/wp-json\/wp\/v2\/pages\/15444"}],"collection":[{"href":"https:\/\/corpsite.nonprod.completeanatomy.cn\/fr\/wp-json\/wp\/v2\/pages"}],"about":[{"href":"https:\/\/corpsite.nonprod.completeanatomy.cn\/fr\/wp-json\/wp\/v2\/types\/page"}],"author":[{"embeddable":true,"href":"https:\/\/corpsite.nonprod.completeanatomy.cn\/fr\/wp-json\/wp\/v2\/users\/9"}],"replies":[{"embeddable":true,"href":"https:\/\/corpsite.nonprod.completeanatomy.cn\/fr\/wp-json\/wp\/v2\/comments?post=15444"}],"version-history":[{"count":27,"href":"https:\/\/corpsite.nonprod.completeanatomy.cn\/fr\/wp-json\/wp\/v2\/pages\/15444\/revisions"}],"predecessor-version":[{"id":23519,"href":"https:\/\/corpsite.nonprod.completeanatomy.cn\/fr\/wp-json\/wp\/v2\/pages\/15444\/revisions\/23519"}],"wp:attachment":[{"href":"https:\/\/corpsite.nonprod.completeanatomy.cn\/fr\/wp-json\/wp\/v2\/media?parent=15444"}],"wp:term":[{"taxonomy":"category","embeddable":true,"href":"https:\/\/corpsite.nonprod.completeanatomy.cn\/fr\/wp-json\/wp\/v2\/categories?post=15444"},{"taxonomy":"post_tag","embeddable":true,"href":"https:\/\/corpsite.nonprod.completeanatomy.cn\/fr\/wp-json\/wp\/v2\/tags?post=15444"}],"curies":[{"name":"wp","href":"https:\/\/api.w.org\/{rel}","templated":true}]}}